{"id":9326,"date":"2021-09-17T09:21:59","date_gmt":"2021-09-17T07:21:59","guid":{"rendered":"https:\/\/globelife.com\/coluccio\/shop\/?post_type=product&#038;p=9326"},"modified":"2021-09-24T09:03:19","modified_gmt":"2021-09-24T07:03:19","slug":"hair-luxury-fiale-kopexil","status":"publish","type":"product","link":"https:\/\/christiancolucciostilista.it\/shop\/product\/hair-luxury-fiale-kopexil\/","title":{"rendered":"Hair Luxury &#8211; Fiale Kopexil"},"content":{"rendered":"","protected":false},"excerpt":{"rendered":"<p><em><strong>HAIR LUXURY by CHRISTIAN COLUCCIO<\/strong><\/em>\u00a0\u00e8 una linea pensata per coccolare e dare benessere a cute e capelli, realizzata con materie prime di alta qualit\u00e0 e oli essenziali!<\/p>\n<p><em>Hair Luxury &#8211; Fiale Kopexil<\/em> \u00e8 un trattamento intensivo per capelli tendenti alla caduta. Grazie alla presenza di mentolo, kopexil, caffeina, pantenolo, acqua attiva di luppolo Bio e mirtillo Bio, olio essenziale di zenzero e rosmarino, vitamina E, questo trattamento regola, riequilibra e rafforza la ricrescita dei capelli. Ha un&#8217;azione diretta sull&#8217;inibizione dell&#8217;enzima LH (Lysyl hy droxylase) per prevenire la miniaturizzazione dei capelli; rinforza l&#8217;ancoraggio dei peli in fase di anagen (crescita) e modula il ciclo di crescita dei capelli fornendo la massima efficacia per ridurre il processo di perdita del capelli e stimolare la crescita:<\/p>\n<ul>\n<li>Previene la formazione di collagene<\/li>\n<li>Promuove una fase anagen pi\u00f9 lunga<\/li>\n<li>Attiva i follicoli piliferi<\/li>\n<li>Rafforza Tancoraggio del capelli<\/li>\n<li>Dilata i vasi sanguigni<\/li>\n<li>Accelera la crescita dei capelli<\/li>\n<\/ul>\n<p>Migliora la sintesi dell&#8217;mRNA nella cellula della matrice (prevenendo la perdita prematura del capelli) e ammorbidisce i follicoli dilatando i vasi sanguigni attorno ad essi (accelerando la ricrescita del capelli).<\/p>\n<p><strong>CARATTERISTICHE TECNICHE<\/strong><br \/>\nLozione idroalcoholica d&#8217;urto con principi attivi (acqua attiva di bacche di Mirtillo bio e di Luppolo bio, Caffeina, oli essenziali di Rosmarino e di Zenzero, Pantenolo e vitamina E) con propriet\u00e0 rinforzanti e ossigenanti del bulbo pilifero; la lozione \u00e8 inoltre arricchita con mentolo ed eucaliptolo ad azione igienizzante e rinfrescante.<\/p>\n<p><strong>Modo d&#8217;uso:<\/strong> applicare il prodotto sulla cute dopo la detersione e massaggi are fino a completo assorbimento non risciacquare, CICLO DI TRATTAMENTO CONSIGLIATO Fase d&#8217;urto: 3 applicazione settimanali per almeno 3 mesi<br \/>\n<em>Mantenimento:<\/em> 1 applicazione settimanale per almeno 1 mese. USO ESTERNO<\/p>\n<p>Confezione: 12 fiale da 7 ml<\/p>\n","protected":false},"featured_media":9345,"comment_status":"open","ping_status":"closed","template":"","meta":{"inline_featured_image":false},"product_cat":[165],"product_tag":[],"yoast_head":"<!-- This site is optimized with the Yoast SEO plugin v20.11 - https:\/\/yoast.com\/wordpress\/plugins\/seo\/ -->\n<title>Hair Luxury - Fiale Kopexil - Christian Coluccio \u2764\ufe0f Shop Online<\/title>\n<meta name=\"robots\" content=\"index, follow, max-snippet:-1, max-image-preview:large, max-video-preview:-1\" \/>\n<link rel=\"canonical\" href=\"https:\/\/christiancolucciostilista.it\/shop\/product\/hair-luxury-fiale-kopexil\/\" \/>\n<meta property=\"og:locale\" content=\"it_IT\" \/>\n<meta property=\"og:type\" content=\"article\" \/>\n<meta property=\"og:title\" content=\"Hair Luxury - Fiale Kopexil - Christian Coluccio \u2764\ufe0f Shop Online\" \/>\n<meta property=\"og:description\" content=\"HAIR LUXURY by CHRISTIAN COLUCCIO\u00a0\u00e8 una linea pensata per coccolare e dare benessere a cute e capelli, realizzata con materie prime di alta qualit\u00e0 e oli essenziali!  Hair Luxury - Fiale Kopexil \u00e8 un trattamento intensivo per capelli tendenti alla caduta. Grazie alla presenza di mentolo, kopexil, caffeina, pantenolo, acqua attiva di luppolo Bio e mirtillo Bio, olio essenziale di zenzero e rosmarino, vitamina E, questo trattamento regola, riequilibra e rafforza la ricrescita dei capelli. Ha un&#039;azione diretta sull&#039;inibizione dell&#039;enzima LH (Lysyl hy droxylase) per prevenire la miniaturizzazione dei capelli; rinforza l&#039;ancoraggio dei peli in fase di anagen (crescita) e modula il ciclo di crescita dei capelli fornendo la massima efficacia per ridurre il processo di perdita del capelli e stimolare la crescita:   Previene la formazione di collagene  Promuove una fase anagen pi\u00f9 lunga  Attiva i follicoli piliferi  Rafforza Tancoraggio del capelli  Dilata i vasi sanguigni  Accelera la crescita dei capelli  Migliora la sintesi dell&#039;mRNA nella cellula della matrice (prevenendo la perdita prematura del capelli) e ammorbidisce i follicoli dilatando i vasi sanguigni attorno ad essi (accelerando la ricrescita del capelli).  CARATTERISTICHE TECNICHE Lozione idroalcoholica d&#039;urto con principi attivi (acqua attiva di bacche di Mirtillo bio e di Luppolo bio, Caffeina, oli essenziali di Rosmarino e di Zenzero, Pantenolo e vitamina E) con propriet\u00e0 rinforzanti e ossigenanti del bulbo pilifero; la lozione \u00e8 inoltre arricchita con mentolo ed eucaliptolo ad azione igienizzante e rinfrescante.  Modo d&#039;uso: applicare il prodotto sulla cute dopo la detersione e massaggi are fino a completo assorbimento non risciacquare, CICLO DI TRATTAMENTO CONSIGLIATO Fase d&#039;urto: 3 applicazione settimanali per almeno 3 mesi Mantenimento: 1 applicazione settimanale per almeno 1 mese. USO ESTERNO  Confezione: 12 fiale da 7 ml\" \/>\n<meta property=\"og:url\" content=\"https:\/\/christiancolucciostilista.it\/shop\/product\/hair-luxury-fiale-kopexil\/\" \/>\n<meta property=\"og:site_name\" content=\"Christian Coluccio \u2764\ufe0f Shop Online\" \/>\n<meta property=\"article:modified_time\" content=\"2021-09-24T07:03:19+00:00\" \/>\n<meta property=\"og:image\" content=\"https:\/\/christiancolucciostilista.it\/shop\/wp-content\/uploads\/2021\/09\/Cristian-Coluccio-Hair-Luxury_fiale-kopexil-2.jpg\" \/>\n\t<meta property=\"og:image:width\" content=\"900\" \/>\n\t<meta property=\"og:image:height\" content=\"900\" \/>\n\t<meta property=\"og:image:type\" content=\"image\/jpeg\" \/>\n<meta name=\"twitter:card\" content=\"summary_large_image\" \/>\n<script type=\"application\/ld+json\" class=\"yoast-schema-graph\">{\"@context\":\"https:\/\/schema.org\",\"@graph\":[{\"@type\":\"WebPage\",\"@id\":\"https:\/\/christiancolucciostilista.it\/shop\/product\/hair-luxury-fiale-kopexil\/\",\"url\":\"https:\/\/christiancolucciostilista.it\/shop\/product\/hair-luxury-fiale-kopexil\/\",\"name\":\"Hair Luxury - Fiale Kopexil - Christian Coluccio \u2764\ufe0f Shop Online\",\"isPartOf\":{\"@id\":\"https:\/\/christiancolucciostilista.it\/shop\/#website\"},\"datePublished\":\"2021-09-17T07:21:59+00:00\",\"dateModified\":\"2021-09-24T07:03:19+00:00\",\"breadcrumb\":{\"@id\":\"https:\/\/christiancolucciostilista.it\/shop\/product\/hair-luxury-fiale-kopexil\/#breadcrumb\"},\"inLanguage\":\"it-IT\",\"potentialAction\":[{\"@type\":\"ReadAction\",\"target\":[\"https:\/\/christiancolucciostilista.it\/shop\/product\/hair-luxury-fiale-kopexil\/\"]}]},{\"@type\":\"BreadcrumbList\",\"@id\":\"https:\/\/christiancolucciostilista.it\/shop\/product\/hair-luxury-fiale-kopexil\/#breadcrumb\",\"itemListElement\":[{\"@type\":\"ListItem\",\"position\":1,\"name\":\"Home\",\"item\":\"https:\/\/christiancolucciostilista.it\/shop\/\"},{\"@type\":\"ListItem\",\"position\":2,\"name\":\"Shop\",\"item\":\"https:\/\/christiancolucciostilista.it\/shop\/shop\/\"},{\"@type\":\"ListItem\",\"position\":3,\"name\":\"Hair Luxury &#8211; Fiale Kopexil\"}]},{\"@type\":\"WebSite\",\"@id\":\"https:\/\/christiancolucciostilista.it\/shop\/#website\",\"url\":\"https:\/\/christiancolucciostilista.it\/shop\/\",\"name\":\"Christian Coluccio \u2764\ufe0f Shop Online\",\"description\":\"Salone Parrucchieri a Lecco\",\"publisher\":{\"@id\":\"https:\/\/christiancolucciostilista.it\/shop\/#organization\"},\"potentialAction\":[{\"@type\":\"SearchAction\",\"target\":{\"@type\":\"EntryPoint\",\"urlTemplate\":\"https:\/\/christiancolucciostilista.it\/shop\/?s={search_term_string}\"},\"query-input\":\"required name=search_term_string\"}],\"inLanguage\":\"it-IT\"},{\"@type\":\"Organization\",\"@id\":\"https:\/\/christiancolucciostilista.it\/shop\/#organization\",\"name\":\"Christian Coluccio \u2764\ufe0f Shop Online\",\"url\":\"https:\/\/christiancolucciostilista.it\/shop\/\",\"logo\":{\"@type\":\"ImageObject\",\"inLanguage\":\"it-IT\",\"@id\":\"https:\/\/christiancolucciostilista.it\/shop\/#\/schema\/logo\/image\/\",\"url\":\"https:\/\/christiancolucciostilista.it\/shop\/wp-content\/uploads\/2021\/09\/logo.png\",\"contentUrl\":\"https:\/\/christiancolucciostilista.it\/shop\/wp-content\/uploads\/2021\/09\/logo.png\",\"width\":400,\"height\":99,\"caption\":\"Christian Coluccio \u2764\ufe0f Shop Online\"},\"image\":{\"@id\":\"https:\/\/christiancolucciostilista.it\/shop\/#\/schema\/logo\/image\/\"}}]}<\/script>\n<!-- \/ Yoast SEO plugin. -->","yoast_head_json":{"title":"Hair Luxury - Fiale Kopexil - Christian Coluccio \u2764\ufe0f Shop Online","robots":{"index":"index","follow":"follow","max-snippet":"max-snippet:-1","max-image-preview":"max-image-preview:large","max-video-preview":"max-video-preview:-1"},"canonical":"https:\/\/christiancolucciostilista.it\/shop\/product\/hair-luxury-fiale-kopexil\/","og_locale":"it_IT","og_type":"article","og_title":"Hair Luxury - Fiale Kopexil - Christian Coluccio \u2764\ufe0f Shop Online","og_description":"HAIR LUXURY by CHRISTIAN COLUCCIO\u00a0\u00e8 una linea pensata per coccolare e dare benessere a cute e capelli, realizzata con materie prime di alta qualit\u00e0 e oli essenziali!  Hair Luxury - Fiale Kopexil \u00e8 un trattamento intensivo per capelli tendenti alla caduta. Grazie alla presenza di mentolo, kopexil, caffeina, pantenolo, acqua attiva di luppolo Bio e mirtillo Bio, olio essenziale di zenzero e rosmarino, vitamina E, questo trattamento regola, riequilibra e rafforza la ricrescita dei capelli. Ha un'azione diretta sull'inibizione dell'enzima LH (Lysyl hy droxylase) per prevenire la miniaturizzazione dei capelli; rinforza l'ancoraggio dei peli in fase di anagen (crescita) e modula il ciclo di crescita dei capelli fornendo la massima efficacia per ridurre il processo di perdita del capelli e stimolare la crescita:   Previene la formazione di collagene  Promuove una fase anagen pi\u00f9 lunga  Attiva i follicoli piliferi  Rafforza Tancoraggio del capelli  Dilata i vasi sanguigni  Accelera la crescita dei capelli  Migliora la sintesi dell'mRNA nella cellula della matrice (prevenendo la perdita prematura del capelli) e ammorbidisce i follicoli dilatando i vasi sanguigni attorno ad essi (accelerando la ricrescita del capelli).  CARATTERISTICHE TECNICHE Lozione idroalcoholica d'urto con principi attivi (acqua attiva di bacche di Mirtillo bio e di Luppolo bio, Caffeina, oli essenziali di Rosmarino e di Zenzero, Pantenolo e vitamina E) con propriet\u00e0 rinforzanti e ossigenanti del bulbo pilifero; la lozione \u00e8 inoltre arricchita con mentolo ed eucaliptolo ad azione igienizzante e rinfrescante.  Modo d'uso: applicare il prodotto sulla cute dopo la detersione e massaggi are fino a completo assorbimento non risciacquare, CICLO DI TRATTAMENTO CONSIGLIATO Fase d'urto: 3 applicazione settimanali per almeno 3 mesi Mantenimento: 1 applicazione settimanale per almeno 1 mese. USO ESTERNO  Confezione: 12 fiale da 7 ml","og_url":"https:\/\/christiancolucciostilista.it\/shop\/product\/hair-luxury-fiale-kopexil\/","og_site_name":"Christian Coluccio \u2764\ufe0f Shop Online","article_modified_time":"2021-09-24T07:03:19+00:00","og_image":[{"width":900,"height":900,"url":"https:\/\/christiancolucciostilista.it\/shop\/wp-content\/uploads\/2021\/09\/Cristian-Coluccio-Hair-Luxury_fiale-kopexil-2.jpg","type":"image\/jpeg"}],"twitter_card":"summary_large_image","schema":{"@context":"https:\/\/schema.org","@graph":[{"@type":"WebPage","@id":"https:\/\/christiancolucciostilista.it\/shop\/product\/hair-luxury-fiale-kopexil\/","url":"https:\/\/christiancolucciostilista.it\/shop\/product\/hair-luxury-fiale-kopexil\/","name":"Hair Luxury - Fiale Kopexil - Christian Coluccio \u2764\ufe0f Shop Online","isPartOf":{"@id":"https:\/\/christiancolucciostilista.it\/shop\/#website"},"datePublished":"2021-09-17T07:21:59+00:00","dateModified":"2021-09-24T07:03:19+00:00","breadcrumb":{"@id":"https:\/\/christiancolucciostilista.it\/shop\/product\/hair-luxury-fiale-kopexil\/#breadcrumb"},"inLanguage":"it-IT","potentialAction":[{"@type":"ReadAction","target":["https:\/\/christiancolucciostilista.it\/shop\/product\/hair-luxury-fiale-kopexil\/"]}]},{"@type":"BreadcrumbList","@id":"https:\/\/christiancolucciostilista.it\/shop\/product\/hair-luxury-fiale-kopexil\/#breadcrumb","itemListElement":[{"@type":"ListItem","position":1,"name":"Home","item":"https:\/\/christiancolucciostilista.it\/shop\/"},{"@type":"ListItem","position":2,"name":"Shop","item":"https:\/\/christiancolucciostilista.it\/shop\/shop\/"},{"@type":"ListItem","position":3,"name":"Hair Luxury &#8211; Fiale Kopexil"}]},{"@type":"WebSite","@id":"https:\/\/christiancolucciostilista.it\/shop\/#website","url":"https:\/\/christiancolucciostilista.it\/shop\/","name":"Christian Coluccio \u2764\ufe0f Shop Online","description":"Salone Parrucchieri a Lecco","publisher":{"@id":"https:\/\/christiancolucciostilista.it\/shop\/#organization"},"potentialAction":[{"@type":"SearchAction","target":{"@type":"EntryPoint","urlTemplate":"https:\/\/christiancolucciostilista.it\/shop\/?s={search_term_string}"},"query-input":"required name=search_term_string"}],"inLanguage":"it-IT"},{"@type":"Organization","@id":"https:\/\/christiancolucciostilista.it\/shop\/#organization","name":"Christian Coluccio \u2764\ufe0f Shop Online","url":"https:\/\/christiancolucciostilista.it\/shop\/","logo":{"@type":"ImageObject","inLanguage":"it-IT","@id":"https:\/\/christiancolucciostilista.it\/shop\/#\/schema\/logo\/image\/","url":"https:\/\/christiancolucciostilista.it\/shop\/wp-content\/uploads\/2021\/09\/logo.png","contentUrl":"https:\/\/christiancolucciostilista.it\/shop\/wp-content\/uploads\/2021\/09\/logo.png","width":400,"height":99,"caption":"Christian Coluccio \u2764\ufe0f Shop Online"},"image":{"@id":"https:\/\/christiancolucciostilista.it\/shop\/#\/schema\/logo\/image\/"}}]}},"_links":{"self":[{"href":"https:\/\/christiancolucciostilista.it\/shop\/wp-json\/wp\/v2\/product\/9326"}],"collection":[{"href":"https:\/\/christiancolucciostilista.it\/shop\/wp-json\/wp\/v2\/product"}],"about":[{"href":"https:\/\/christiancolucciostilista.it\/shop\/wp-json\/wp\/v2\/types\/product"}],"replies":[{"embeddable":true,"href":"https:\/\/christiancolucciostilista.it\/shop\/wp-json\/wp\/v2\/comments?post=9326"}],"wp:featuredmedia":[{"embeddable":true,"href":"https:\/\/christiancolucciostilista.it\/shop\/wp-json\/wp\/v2\/media\/9345"}],"wp:attachment":[{"href":"https:\/\/christiancolucciostilista.it\/shop\/wp-json\/wp\/v2\/media?parent=9326"}],"wp:term":[{"taxonomy":"product_cat","embeddable":true,"href":"https:\/\/christiancolucciostilista.it\/shop\/wp-json\/wp\/v2\/product_cat?post=9326"},{"taxonomy":"product_tag","embeddable":true,"href":"https:\/\/christiancolucciostilista.it\/shop\/wp-json\/wp\/v2\/product_tag?post=9326"}],"curies":[{"name":"wp","href":"https:\/\/api.w.org\/{rel}","templated":true}]}}