{"id":9241,"date":"2021-09-14T12:45:47","date_gmt":"2021-09-14T10:45:47","guid":{"rendered":"https:\/\/globelife.com\/coluccio\/shop\/?post_type=product&#038;p=9241"},"modified":"2021-09-24T09:18:16","modified_gmt":"2021-09-24T07:18:16","slug":"hair-luxury-keratin-repair-shampoo","status":"publish","type":"product","link":"https:\/\/christiancolucciostilista.it\/shop\/product\/hair-luxury-keratin-repair-shampoo\/","title":{"rendered":"Hair Luxury &#8211; Keratin Repair Shampoo"},"content":{"rendered":"","protected":false},"excerpt":{"rendered":"<p><em><strong>HAIR LUXURY by CHRISTIAN COLUCCIO<\/strong><\/em>\u00a0\u00e8 una linea pensata per coccolare e dare benessere a cute e capelli, realizzata con materie prime di alta qualit\u00e0 e oli essenziali!<\/p>\n<p>Hair Luxury &#8211; Keratin Repair Shampoo \u00e8 uno shampoo ad azione districante, lucidante e ristrutturante. Contiene cheratina idrolizzata ad azione riparatrice, olio di argan al elevato potere ristrutturante e nutriente, e un derivato dell\u2019olio di Limnanthes Alba ad azione condizionante e protettiva. Il prodotto \u00e8 arricchito con acido Jaluronico ad azione riempitiva anti-age. Deterge delicatamente il capello senza impoverirne la barriera idrolipidica e lascia il capello soffice e lucente.<\/p>\n","protected":false},"featured_media":9242,"comment_status":"open","ping_status":"closed","template":"","meta":{"inline_featured_image":false},"product_cat":[162],"product_tag":[],"yoast_head":"<!-- This site is optimized with the Yoast SEO plugin v20.11 - https:\/\/yoast.com\/wordpress\/plugins\/seo\/ -->\n<title>Hair Luxury - Keratin Repair Shampoo - Christian Coluccio \u2764\ufe0f Shop Online<\/title>\n<meta name=\"robots\" content=\"index, follow, max-snippet:-1, max-image-preview:large, max-video-preview:-1\" \/>\n<link rel=\"canonical\" href=\"https:\/\/christiancolucciostilista.it\/shop\/product\/hair-luxury-keratin-repair-shampoo\/\" \/>\n<meta property=\"og:locale\" content=\"it_IT\" \/>\n<meta property=\"og:type\" content=\"article\" \/>\n<meta property=\"og:title\" content=\"Hair Luxury - Keratin Repair Shampoo - Christian Coluccio \u2764\ufe0f Shop Online\" \/>\n<meta property=\"og:description\" content=\"HAIR LUXURY by CHRISTIAN COLUCCIO\u00a0\u00e8 una linea pensata per coccolare e dare benessere a cute e capelli, realizzata con materie prime di alta qualit\u00e0 e oli essenziali!  Hair Luxury - Keratin Repair Shampoo \u00e8 uno shampoo ad azione districante, lucidante e ristrutturante. Contiene cheratina idrolizzata ad azione riparatrice, olio di argan al elevato potere ristrutturante e nutriente, e un derivato dell\u2019olio di Limnanthes Alba ad azione condizionante e protettiva. Il prodotto \u00e8 arricchito con acido Jaluronico ad azione riempitiva anti-age. Deterge delicatamente il capello senza impoverirne la barriera idrolipidica e lascia il capello soffice e lucente.\" \/>\n<meta property=\"og:url\" content=\"https:\/\/christiancolucciostilista.it\/shop\/product\/hair-luxury-keratin-repair-shampoo\/\" \/>\n<meta property=\"og:site_name\" content=\"Christian Coluccio \u2764\ufe0f Shop Online\" \/>\n<meta property=\"article:modified_time\" content=\"2021-09-24T07:18:16+00:00\" \/>\n<meta property=\"og:image\" content=\"https:\/\/christiancolucciostilista.it\/shop\/wp-content\/uploads\/2021\/09\/Cristian-Coluccio-Hair-Luxury_Keratin-Repair-Shampoo.jpg\" \/>\n\t<meta property=\"og:image:width\" content=\"900\" \/>\n\t<meta property=\"og:image:height\" content=\"900\" \/>\n\t<meta property=\"og:image:type\" content=\"image\/jpeg\" \/>\n<meta name=\"twitter:card\" content=\"summary_large_image\" \/>\n<script type=\"application\/ld+json\" class=\"yoast-schema-graph\">{\"@context\":\"https:\/\/schema.org\",\"@graph\":[{\"@type\":\"WebPage\",\"@id\":\"https:\/\/christiancolucciostilista.it\/shop\/product\/hair-luxury-keratin-repair-shampoo\/\",\"url\":\"https:\/\/christiancolucciostilista.it\/shop\/product\/hair-luxury-keratin-repair-shampoo\/\",\"name\":\"Hair Luxury - Keratin Repair Shampoo - Christian Coluccio \u2764\ufe0f Shop Online\",\"isPartOf\":{\"@id\":\"https:\/\/christiancolucciostilista.it\/shop\/#website\"},\"datePublished\":\"2021-09-14T10:45:47+00:00\",\"dateModified\":\"2021-09-24T07:18:16+00:00\",\"breadcrumb\":{\"@id\":\"https:\/\/christiancolucciostilista.it\/shop\/product\/hair-luxury-keratin-repair-shampoo\/#breadcrumb\"},\"inLanguage\":\"it-IT\",\"potentialAction\":[{\"@type\":\"ReadAction\",\"target\":[\"https:\/\/christiancolucciostilista.it\/shop\/product\/hair-luxury-keratin-repair-shampoo\/\"]}]},{\"@type\":\"BreadcrumbList\",\"@id\":\"https:\/\/christiancolucciostilista.it\/shop\/product\/hair-luxury-keratin-repair-shampoo\/#breadcrumb\",\"itemListElement\":[{\"@type\":\"ListItem\",\"position\":1,\"name\":\"Home\",\"item\":\"https:\/\/christiancolucciostilista.it\/shop\/\"},{\"@type\":\"ListItem\",\"position\":2,\"name\":\"Shop\",\"item\":\"https:\/\/christiancolucciostilista.it\/shop\/shop\/\"},{\"@type\":\"ListItem\",\"position\":3,\"name\":\"Hair Luxury &#8211; Keratin Repair Shampoo\"}]},{\"@type\":\"WebSite\",\"@id\":\"https:\/\/christiancolucciostilista.it\/shop\/#website\",\"url\":\"https:\/\/christiancolucciostilista.it\/shop\/\",\"name\":\"Christian Coluccio \u2764\ufe0f Shop Online\",\"description\":\"Salone Parrucchieri a Lecco\",\"publisher\":{\"@id\":\"https:\/\/christiancolucciostilista.it\/shop\/#organization\"},\"potentialAction\":[{\"@type\":\"SearchAction\",\"target\":{\"@type\":\"EntryPoint\",\"urlTemplate\":\"https:\/\/christiancolucciostilista.it\/shop\/?s={search_term_string}\"},\"query-input\":\"required name=search_term_string\"}],\"inLanguage\":\"it-IT\"},{\"@type\":\"Organization\",\"@id\":\"https:\/\/christiancolucciostilista.it\/shop\/#organization\",\"name\":\"Christian Coluccio \u2764\ufe0f Shop Online\",\"url\":\"https:\/\/christiancolucciostilista.it\/shop\/\",\"logo\":{\"@type\":\"ImageObject\",\"inLanguage\":\"it-IT\",\"@id\":\"https:\/\/christiancolucciostilista.it\/shop\/#\/schema\/logo\/image\/\",\"url\":\"https:\/\/christiancolucciostilista.it\/shop\/wp-content\/uploads\/2021\/09\/logo.png\",\"contentUrl\":\"https:\/\/christiancolucciostilista.it\/shop\/wp-content\/uploads\/2021\/09\/logo.png\",\"width\":400,\"height\":99,\"caption\":\"Christian Coluccio \u2764\ufe0f Shop Online\"},\"image\":{\"@id\":\"https:\/\/christiancolucciostilista.it\/shop\/#\/schema\/logo\/image\/\"}}]}<\/script>\n<!-- \/ Yoast SEO plugin. -->","yoast_head_json":{"title":"Hair Luxury - Keratin Repair Shampoo - Christian Coluccio \u2764\ufe0f Shop Online","robots":{"index":"index","follow":"follow","max-snippet":"max-snippet:-1","max-image-preview":"max-image-preview:large","max-video-preview":"max-video-preview:-1"},"canonical":"https:\/\/christiancolucciostilista.it\/shop\/product\/hair-luxury-keratin-repair-shampoo\/","og_locale":"it_IT","og_type":"article","og_title":"Hair Luxury - Keratin Repair Shampoo - Christian Coluccio \u2764\ufe0f Shop Online","og_description":"HAIR LUXURY by CHRISTIAN COLUCCIO\u00a0\u00e8 una linea pensata per coccolare e dare benessere a cute e capelli, realizzata con materie prime di alta qualit\u00e0 e oli essenziali!  Hair Luxury - Keratin Repair Shampoo \u00e8 uno shampoo ad azione districante, lucidante e ristrutturante. Contiene cheratina idrolizzata ad azione riparatrice, olio di argan al elevato potere ristrutturante e nutriente, e un derivato dell\u2019olio di Limnanthes Alba ad azione condizionante e protettiva. Il prodotto \u00e8 arricchito con acido Jaluronico ad azione riempitiva anti-age. Deterge delicatamente il capello senza impoverirne la barriera idrolipidica e lascia il capello soffice e lucente.","og_url":"https:\/\/christiancolucciostilista.it\/shop\/product\/hair-luxury-keratin-repair-shampoo\/","og_site_name":"Christian Coluccio \u2764\ufe0f Shop Online","article_modified_time":"2021-09-24T07:18:16+00:00","og_image":[{"width":900,"height":900,"url":"https:\/\/christiancolucciostilista.it\/shop\/wp-content\/uploads\/2021\/09\/Cristian-Coluccio-Hair-Luxury_Keratin-Repair-Shampoo.jpg","type":"image\/jpeg"}],"twitter_card":"summary_large_image","schema":{"@context":"https:\/\/schema.org","@graph":[{"@type":"WebPage","@id":"https:\/\/christiancolucciostilista.it\/shop\/product\/hair-luxury-keratin-repair-shampoo\/","url":"https:\/\/christiancolucciostilista.it\/shop\/product\/hair-luxury-keratin-repair-shampoo\/","name":"Hair Luxury - Keratin Repair Shampoo - Christian Coluccio \u2764\ufe0f Shop Online","isPartOf":{"@id":"https:\/\/christiancolucciostilista.it\/shop\/#website"},"datePublished":"2021-09-14T10:45:47+00:00","dateModified":"2021-09-24T07:18:16+00:00","breadcrumb":{"@id":"https:\/\/christiancolucciostilista.it\/shop\/product\/hair-luxury-keratin-repair-shampoo\/#breadcrumb"},"inLanguage":"it-IT","potentialAction":[{"@type":"ReadAction","target":["https:\/\/christiancolucciostilista.it\/shop\/product\/hair-luxury-keratin-repair-shampoo\/"]}]},{"@type":"BreadcrumbList","@id":"https:\/\/christiancolucciostilista.it\/shop\/product\/hair-luxury-keratin-repair-shampoo\/#breadcrumb","itemListElement":[{"@type":"ListItem","position":1,"name":"Home","item":"https:\/\/christiancolucciostilista.it\/shop\/"},{"@type":"ListItem","position":2,"name":"Shop","item":"https:\/\/christiancolucciostilista.it\/shop\/shop\/"},{"@type":"ListItem","position":3,"name":"Hair Luxury &#8211; Keratin Repair Shampoo"}]},{"@type":"WebSite","@id":"https:\/\/christiancolucciostilista.it\/shop\/#website","url":"https:\/\/christiancolucciostilista.it\/shop\/","name":"Christian Coluccio \u2764\ufe0f Shop Online","description":"Salone Parrucchieri a Lecco","publisher":{"@id":"https:\/\/christiancolucciostilista.it\/shop\/#organization"},"potentialAction":[{"@type":"SearchAction","target":{"@type":"EntryPoint","urlTemplate":"https:\/\/christiancolucciostilista.it\/shop\/?s={search_term_string}"},"query-input":"required name=search_term_string"}],"inLanguage":"it-IT"},{"@type":"Organization","@id":"https:\/\/christiancolucciostilista.it\/shop\/#organization","name":"Christian Coluccio \u2764\ufe0f Shop Online","url":"https:\/\/christiancolucciostilista.it\/shop\/","logo":{"@type":"ImageObject","inLanguage":"it-IT","@id":"https:\/\/christiancolucciostilista.it\/shop\/#\/schema\/logo\/image\/","url":"https:\/\/christiancolucciostilista.it\/shop\/wp-content\/uploads\/2021\/09\/logo.png","contentUrl":"https:\/\/christiancolucciostilista.it\/shop\/wp-content\/uploads\/2021\/09\/logo.png","width":400,"height":99,"caption":"Christian Coluccio \u2764\ufe0f Shop Online"},"image":{"@id":"https:\/\/christiancolucciostilista.it\/shop\/#\/schema\/logo\/image\/"}}]}},"_links":{"self":[{"href":"https:\/\/christiancolucciostilista.it\/shop\/wp-json\/wp\/v2\/product\/9241"}],"collection":[{"href":"https:\/\/christiancolucciostilista.it\/shop\/wp-json\/wp\/v2\/product"}],"about":[{"href":"https:\/\/christiancolucciostilista.it\/shop\/wp-json\/wp\/v2\/types\/product"}],"replies":[{"embeddable":true,"href":"https:\/\/christiancolucciostilista.it\/shop\/wp-json\/wp\/v2\/comments?post=9241"}],"wp:featuredmedia":[{"embeddable":true,"href":"https:\/\/christiancolucciostilista.it\/shop\/wp-json\/wp\/v2\/media\/9242"}],"wp:attachment":[{"href":"https:\/\/christiancolucciostilista.it\/shop\/wp-json\/wp\/v2\/media?parent=9241"}],"wp:term":[{"taxonomy":"product_cat","embeddable":true,"href":"https:\/\/christiancolucciostilista.it\/shop\/wp-json\/wp\/v2\/product_cat?post=9241"},{"taxonomy":"product_tag","embeddable":true,"href":"https:\/\/christiancolucciostilista.it\/shop\/wp-json\/wp\/v2\/product_tag?post=9241"}],"curies":[{"name":"wp","href":"https:\/\/api.w.org\/{rel}","templated":true}]}}