{"id":8100,"date":"2020-11-19T15:49:48","date_gmt":"2020-11-19T14:49:48","guid":{"rendered":"https:\/\/globelife.com\/parrucchieri-noi-italian-fashion-style\/shop\/?page_id=8100"},"modified":"2021-09-30T15:59:47","modified_gmt":"2021-09-30T13:59:47","slug":"termini-e-condizioni","status":"publish","type":"page","link":"https:\/\/christiancolucciostilista.it\/shop\/termini-e-condizioni\/","title":{"rendered":"Termini e condizioni"},"content":{"rendered":"\n<h2 class=\"has-text-align-center wp-block-heading\">\u200bCondizioni di Utilizzo<\/h2>\n\n\n\n<ol><li>Responsabilit\u00e0<br>Christian Coluccio Stilista non \u00e8 responsabile di alcun danno o perdita, diretta e\/o indiretta, derivante dalla vendita di beni e servizi proposti nel catalogo pubblicato nel sito <a href=\"https:\/\/globelife.com\/coluccio\/\">https:\/\/globelife.com\/coluccio\/&nbsp;<\/a>, anche per ritardata e\/o mancata consegna del prodotto, n\u00e9 per la corrispondenza della merce alle specifiche pubblicate nel sito, n\u00e9 per qualsiasi altro fatto non imputabile in via diretta alla&nbsp;Christian Coluccio Stilista.<\/li><li>Informazioni Tecniche<br>Le informazioni tecniche sui prodotti inserite nel sito Internet di&nbsp;<a href=\"https:\/\/globelife.com\/coluccio\/\">https:\/\/globelife.com\/coluccio\/ <\/a>sono ricavate dalle informazioni pubblicate dalle case produttrici dei beni inseriti nel nostro catalogo.&nbsp;Christian Coluccio Stilista , pertanto, si riserva la facolt\u00e0 di modificare\/adeguare le informazioni tecniche e dimensionali dei prodotti del catalogo, in base a quanto sar\u00e0 comunicato dai produttori, anche senza preavviso alcuno. Le immagini sono puramente indicative, far\u00e0 fede il titolo del prodotto.<\/li><\/ol>\n\n\n\n<p>Le informazioni relative ai prodotti fornite sul sito&nbsp;<a href=\"https:\/\/globelife.com\/coluccio\/ \">https:\/\/globelife.com\/coluccio\/ <\/a>sono costantemente aggiornate. Non \u00e8 tuttavia possibile garantire la completa assenza di errori. Christian Coluccio Stilista si riserva il diritto di correggere gli errori, le inesattezze o le omissioni, le immagini anche dopo che sia stato inviato un ordine e altres\u00ec di cambiare o aggiornare le informazioni in qualsiasi momento senza preventiva comunicazione.<\/p>\n\n\n\n<ol><li>Disponibilit\u00e0 Prodotti<br>Poich\u00e9 l&#8217;accesso e la possibilit\u00e0 di inoltrare ordine on line, modificano in tempo reale la disponibilit\u00e0 del prodotto,\u00a0Christian Coluccio Stilista non garantisce la certezza di assegnazione della merce ordinata.<\/li><li>Rischio e Propriet\u00e0<br>La merce \u00e8 spedita in porto franco, assicurata con addebito in fattura; nel caso in cui la merce fosse spedita in porto assegnato, dietro indicazione del cliente, il rischio \u00e8 da ritenersi a carico del cliente dalla consegna della merce al vettore dai propri magazzini. Al momento della consegna della merce, il cliente deve verificare l&#8217;integrit\u00e0 dei colli e la corrispondenza quantitativa e qualitativa con quanto indicato nel documento accompagnatorio (DDT). In caso di difformit\u00e0, la stessa dovr\u00e0 essere segnalata sul medesimo documento accompagnatorio e confermata, entro sette giorni via email\u00a0o raccomandata a.r.,o pec a\u00a0<a href=\"mailto:emailpec@pec.it\">emailpec@pec.it<\/a>\u00a0. Pur in presenza di imballo integro, la marce dovr\u00e0 essere verificata entro tre giorni dal ricevimento. Eventuali anomalie occulte, dovranno essere segnalate per iscritto a mezzo email o raccomandata a.r. o pec. Ogni segnalazione oltre i suddetti termini, non sar\u00e0 presa in considerazione. Per ogni dichiarazione, il cliente si assume la responsabilit\u00e0 piena di quanto dichiarato.<\/li><li>Ordini<br>Gli ordini sono accettati solo ed esclusivamente tramite Internet sul sito\u00a0<a href=\"https:\/\/globelife.com\/coluccio\/\"><a href=\"https:\/\/globelife.com\/coluccio\/\">https:\/\/globelife.com\/coluccio\/<\/a><\/a>\u00a0. Il cliente che invia l&#8217;ordine via Internet ricever\u00e0, al termine della procedura, una comunicazione di conferma dall&#8217;avvenuto ordine, tramite posta elettronica (E-mail), con l&#8217;indicazione del relativo numero d&#8217;ordine; nell&#8217;ipotesi che, dopo l&#8217;invio dell&#8217;ordine, non compaia (trascorsi alcuni minuti) il numero d&#8217;ordine, la proposta s&#8217;intender\u00e0 come non accettata, ad ogni effetto di legge, anche se per motivi contabili, amministrativi o per carenza di prodotto.<br>Ordini multipli effettuati separatamente non verranno uniti in un unica spedizione; qualora si volesse acquistare pi\u00f9 di un articolo bisogna farlo con un unico ordine.<br>Facciamo presente che per tutti gli ordini che pervengono dalle ore 14.00 in poi, non \u00e8 garantita l&#8217;elaborazione del pacco entro lo stesso giorno.<\/li><li>Modifiche ordini e\u00a0Richieste di annullamento<\/li><\/ol>\n\n\n\n<p>Vi ricordiamo che siamo molto veloci a preparare il vostro ordine e che utilizziamo corrieri espressi,&nbsp;questo significa che non possiamo effettuare modifiche una volta che l&#8217;ordine \u00e8 stato trasmesso (modifica indirizzo di consegna, metodo&nbsp;di pagamento, prodotti acquistati, ecc&#8230;).<\/p>\n\n\n\n<p>L&#8217;ordine pu\u00f2 essere annullato se, al momento della richiesta di annullamento, \u00e8 ancora in corso di preparazione; in tal caso non verr\u00e0 addebitato alcun costo al cliente. Si consiglia di contattare il servizio clienti telefonicamente, per avere una conferma immediata.<br>Se al momento della richiesta di annullamento dell&#8217;ordine, il medesimo risulta gi\u00e0 affidato al corriere, il Cliente potr\u00e0 esercitare il diritto di recesso e rispedire la merce a proprie spese.<\/p>\n\n\n\n<ol><li>Prezzi<br>Tutti i prezzi inseriti nel sito\u00a0<a rel=\"noreferrer noopener\" href=\"https:\/\/globelife.com\/coluccio\/\" target=\"_blank\"><a href=\"https:\/\/globelife.com\/coluccio\/\">https:\/\/globelife.com\/coluccio\/<\/a><\/a>\u00a0 nella colonna relativa sono da intendersi prezzi\u00a0IVA inclusa. I prezzi possono essere modificati in qualsiasi momento, senza alcun preavviso.<\/li><li>Pagamenti<br>Le merci fornite dovranno essere pagate con Carte di Credito, Paypal , Contrassegno (solo contanti e solo in Italia) o Bonifico Bancario. Diverse condizioni dovranno essere concordate in\u00a0forma scritta con Christian Coluccio Stilista  s.r.l.s.\u00a0<\/li><li>Istruzioni per il Bonifico Bancario<br>Si \u00a0prega di trasferire l&#8217;importo totale al seguente conto bancario<br>Titolare del c\/c:\u00a0Christian Coluccio Stilista<br>IBAN:\u00a0ITxxxxxxxxxxxxxxxxxxxxxxx\u00a0<br>BIC\u00a0(CODICE SWIFT): XXX<br>BANCA xxxxxxxxx<br><br>Oggetto\u00a0del bonifico bancario: &#8220;PAGAMENTO ORDINE N. &#8230;..&#8221; inserendo il numero d&#8217;ordine che troverete nella mail di conferma.<br>L&#8217;ordine verr\u00e0 evaso appena ricevuto l&#8217;accredito del bonifico.<\/li><li>Costi di Spedizione<br>Per avere maggiori informazioni sui costi di spedizione consultare la sezione dedicata.<\/li><li>Resi e rimborsi<br>L\u2019 obiettivo di Christian Coluccio Stilista \u00e8 garantire sempre la completa soddisfazione del Cliente, per ogni suo acquisto effettuato.<br>Ai sensi dell&#8217;articolo 52 del D.Lgs. 206\/2005 (Codice del consumo), il Cliente ha diritto di recedere dal contratto, senza specificarne il motivo, restituendo i Prodotti acquistati attraverso il Sito\u00a0<a rel=\"noreferrer noopener\" href=\"https:\/\/globelife.com\/coluccio\/\" target=\"_blank\"><a href=\"https:\/\/globelife.com\/coluccio\/\">https:\/\/globelife.com\/coluccio\/<\/a><\/a>\u00a0 entro 14 (quattordici) giorni di calendario dalla data di ricevimento dell\u2019ordine.<br>Una volta che Christian Coluccio Stilista ricever\u00e0 la merce e controller\u00e0 la perfetta integrit\u00e0 della stessa, la suddetta societ\u00e0 provveder\u00e0 ad effettuare il rimborso entro e non oltre 30 giorni.<br>Per esercitare il diritto di recesso, il Cliente dovr\u00e0 inviare entro il termine di 14 giorni dalla data di ricevimento dei prodotti un\u2019email al seguente indirizzo:\u00a0<a href=\"mailto:coluccio.stilista@globelife.com\">coluccio.stilista@globelife.com<\/a>\u00a0 una comunicazione contenente:<\/li><\/ol>\n\n\n\n<p>\u2022 l&#8217;indicazione dei Prodotti per i quali il Cliente vuole avvalersi del diritto di recesso;<br>&nbsp; &nbsp; &nbsp;&nbsp; &nbsp;\u2022 il numero d&#8217;ordine oggetto del rimborso;<br>&nbsp; &nbsp; &nbsp;&nbsp; &nbsp;\u2022 i dati relativi al conto corrente Bancario del Cliente, esclusivamente nel caso in cui il Cliente abbia effettuato il pagamento a mezzo di bonifico bancario o contrassegno.<\/p>\n\n\n\n<p>Non \u00e8 possibile esercitare il diritto di recesso per i prodotti sigillati che non si prestino ad essere sostituiti per motivi igienici o connessi alla protezione della salute e che sono stati aperti dopo la consegna.<br>Pertanto, i prodotti restituiti dovranno essere:<br>correttamente imballati nella loro confezione originale, in perfetto stato di rivendita (non rovinati, danneggiati o sporcati) e muniti di tutti gli eventuali accessori, istruzioni per l\u2019utilizzo e documentazione;<br>i prodotti cosmetici non dovranno essere aperti o utilizzati, senza manifesti segni di uso. Essi cio\u00e8 non dovranno recare traccia di nessun tipo di utilizzo&nbsp; e non dovranno essere in stato tale da non permetterne la rivendita.<\/p>\n\n\n\n<p>Per il reso di apparecchi elettronici, prima di accettare il reso, si riserva la facolt\u00e0 di chiedere delle foto per dimostrare la perfetta integrit\u00e0 dell\u2019articolo che si vuole rendere.<br>Una volta che Christian Coluccio Stilista ricever\u00e0 la merce e controller\u00e0 la perfetta integrit\u00e0 della stessa, la suddetta societ\u00e0 provveder\u00e0 ad effettuare il rimborso entro e non oltre 30 giorni.<br>Per la restituzione e la spedizione del prodotto il Cliente \u00e8 libero di utilizzare un corriere a propria scelta, di cui ne sosterr\u00e0 i costi.<br>Il cliente dovr\u00e0 effettuare tale spedizione entro quattordici giorni lavorativi dalla data in cui ha inviato la comunicazione di esercizio del diritto di recesso, e spedire la merce a:<\/p>\n\n\n\n<p>Christian Coluccio Stilista<br>Via Tonio Belledo 4 &#8211; 23900 Lecco, Italia<\/p>\n\n\n\n<ol><li>Note importanti<br>Le spese di trasporto per la restituzione dei prodotti e la responsabilit\u00e0 della merce, per danni, furto e smarrimento durante la spedizione, come previsto dalla legge, sono a carico del Cliente.<br>In caso di danno da trasporto avvenuto durante la restituzione, Christian Coluccio Stilista provveder\u00e0 ad una comunicazione al cliente entro cinque giorni lavorativi dal ricevimento del prodotto, consentendo al consumatore di sporgere denuncia al corriere utilizzato per il trasporto.<br>La merce danneggiata sar\u00e0 resa disponibile per la restituzione e la richiesta di recesso verr\u00e0 contemporaneamente annullata.<\/li><li>Reclami<br>In caso di errore nell&#8217;ordine o nella spedizione, \u00e8 possibile richiedere il cambio o il rimborso entro 14 giorni dalla data di ricezione della merce.<br>Se il prodotto ricevuto non \u00e8 conforme a quello ordinato, \u00e8 possibile chiedere il cambio gratuito con il prodotto desiderato.<br>Il prodotto inviato erroneamente verr\u00e0 ritirato a spese di Christian Coluccio Stilista<br>Il cliente dovr\u00e0 fare una richiesta per email all\u2019indirizzo\u00a0<a href=\"mailto:coluccio.stilista@globelife.com\">coluccio.stilista@globelife.com<\/a>\u00a0, preparare il prodotto da restituire con un pacco, integro e bene imballato, ed inviarlo al seguente indirizzo<br>Christian Coluccio Stilista Via Tonio Belledo 4 &#8211; 23900 Lecco, Italia<\/li><\/ol>\n\n\n\n<p>Christian Coluccio Stilista&nbsp; non accorda rimborsi o sostituzioni per i prodotti che abbiano provocato una reazione allergica. Se il Cliente avverte una reazione allergica dall\u2019uso del prodotto Lo invitiamo a cessarne immediatamente l\u2019utilizzo. Christian Coluccio Stilista non \u00e8 responsabile per le reazioni allergiche provocate dai prodotti in quanto il Cliente dovrebbe essere a conoscenza dei prodotti o degli ingredienti ai quali \u00e8 allergico.<br>Per maggiori informazioni o per ricevere assistenza \u00e8 possibile scrivere a&nbsp;<a href=\"mailto:coluccio.stilista@globelife.com\">coluccio.stilista@globelife.com<\/a>&nbsp;.<\/p>\n\n\n\n<ol><li>Resi apparecchi elettronici<br>Qualora si desideri rendere un prodotto elettrico ricordiamo la garanzia in essere<br>2 anni di garanzia per i privati.<br>1 anno per acquisto con partita iva.<\/li><\/ol>\n\n\n\n<p>Spedizioni e consegne<\/p>\n\n\n\n<p>Le spedizioni, salvo diversi accordi, saranno effettuate a mezzo trasportatori definiti da Christian Coluccio Stilista<br>In caso di furto\/smarrimento Christian Coluccio Stilista si impegna a trovare una soluzione ed eventualmente ad inviare un nuovo prodotto e, ove lo stesso dovesse essere indisponibile e\/o esaurito, proporr\u00e0 un diverso prodotto, ma con caratteristiche equivalenti, con facolt\u00e0 per il cliente di non accettare tale nuovo prodotto e richiedere l&#8217;emissione di nota di credito relativa al prodotto stesso.<br>Nell&#8217;ipotesi che il trasportatore sia incaricato a qualsiasi titolo dal cliente, Christian Coluccio Stilista non sar\u00e0 responsabile della perdita e\/o avaria del prodotto fin dal momento della consegna della merce al vettore presso i propri magazzini.<br>Le merci fornite dovranno essere pagate con Carte di Credito, PayPal, Bonifico Bancario anticipato&nbsp;o Contrassegno (in contanti solo per l\u2019Italia).<\/p>\n\n\n\n<p>I prodotti acquistati sul sito\u00a0<a rel=\"noreferrer noopener\" href=\"https:\/\/globelife.com\/coluccio\/\" target=\"_blank\"><a href=\"https:\/\/globelife.com\/coluccio\">https:\/\/globelife.com\/coluccio<\/a>\u00a0saranno consegnati in tutta Italia entro 7 giorni lavorativi (eccetto per Sicilia, Sardegna in cui la consegna \u00e8 prevista entro 10 giorni lavorativi) dalla ricezione e dal pagamento dell\u2019ordine.<\/p>\n\n\n\n<p>Nonostante queste indicazioni, se la vostra spedizione andr\u00e0 in giacenza per qualsiasi motivo,&nbsp; Christian Coluccio Stilista sar\u00e0 a vostra disposizione per poter dare nuove istruzioni di consegna al corriere.<\/p>\n\n\n\n<p>Ovviamente, non ci \u00e8 possibile fornire garanzia circa i tempi di consegna in quanto ci sono molte variabili che incidono su queste tempistiche molte delle quali non sono imputabili ad Christian Coluccio Stilista (ad es. scioperi, eventi atmosferici, festivit\u00e0 particolari ecc..). Quindi se questi tempi non saranno garantiti il cliente non potr\u00e0 pretendere risarcimenti.<\/p>\n\n\n\n<p>\u200b<br>&nbsp;<\/p>\n\n\n\n<p><\/p>\n\n\n\n<p>\u200b<\/p>\n","protected":false},"excerpt":{"rendered":"<p>\u200bCondizioni di Utilizzo Responsabilit\u00e0Christian Coluccio Stilista non \u00e8 responsabile di alcun danno o perdita, diretta e\/o indiretta, derivante dalla vendita di beni e servizi proposti nel catalogo pubblicato nel sito https:\/\/globelife.com\/coluccio\/&nbsp;, anche per ritardata e\/o mancata consegna del prodotto, n\u00e9 per la corrispondenza della merce alle specifiche pubblicate nel sito, n\u00e9 per qualsiasi altro fatto [&hellip;]<\/p>\n","protected":false},"author":1,"featured_media":0,"parent":0,"menu_order":0,"comment_status":"closed","ping_status":"closed","template":"","meta":{"inline_featured_image":false},"yoast_head":"<!-- This site is optimized with the Yoast SEO plugin v20.11 - https:\/\/yoast.com\/wordpress\/plugins\/seo\/ -->\n<title>Termini e condizioni - Christian Coluccio \u2764\ufe0f Shop Online<\/title>\n<meta name=\"description\" content=\"E-commerce di Christian Coluccio \u2764\ufe0f Migliori PARRUCCHIERI Lecco Sito ufficiale\" \/>\n<meta name=\"robots\" content=\"index, follow, max-snippet:-1, max-image-preview:large, max-video-preview:-1\" \/>\n<link rel=\"canonical\" href=\"https:\/\/christiancolucciostilista.it\/shop\/termini-e-condizioni\/\" \/>\n<meta property=\"og:locale\" content=\"it_IT\" \/>\n<meta property=\"og:type\" content=\"article\" \/>\n<meta property=\"og:title\" content=\"Termini e condizioni - Christian Coluccio \u2764\ufe0f Shop Online\" \/>\n<meta property=\"og:description\" content=\"E-commerce di Christian Coluccio \u2764\ufe0f Migliori PARRUCCHIERI Lecco Sito ufficiale\" \/>\n<meta property=\"og:url\" content=\"https:\/\/christiancolucciostilista.it\/shop\/termini-e-condizioni\/\" \/>\n<meta property=\"og:site_name\" content=\"Christian Coluccio \u2764\ufe0f Shop Online\" \/>\n<meta property=\"article:modified_time\" content=\"2021-09-30T13:59:47+00:00\" \/>\n<meta name=\"twitter:card\" content=\"summary_large_image\" \/>\n<meta name=\"twitter:label1\" content=\"Tempo di lettura stimato\" \/>\n\t<meta name=\"twitter:data1\" content=\"9 minuti\" \/>\n<script type=\"application\/ld+json\" class=\"yoast-schema-graph\">{\"@context\":\"https:\/\/schema.org\",\"@graph\":[{\"@type\":\"WebPage\",\"@id\":\"https:\/\/christiancolucciostilista.it\/shop\/termini-e-condizioni\/\",\"url\":\"https:\/\/christiancolucciostilista.it\/shop\/termini-e-condizioni\/\",\"name\":\"Termini e condizioni - Christian Coluccio \u2764\ufe0f Shop Online\",\"isPartOf\":{\"@id\":\"https:\/\/christiancolucciostilista.it\/shop\/#website\"},\"datePublished\":\"2020-11-19T14:49:48+00:00\",\"dateModified\":\"2021-09-30T13:59:47+00:00\",\"description\":\"E-commerce di Christian Coluccio \u2764\ufe0f Migliori PARRUCCHIERI Lecco Sito ufficiale\",\"breadcrumb\":{\"@id\":\"https:\/\/christiancolucciostilista.it\/shop\/termini-e-condizioni\/#breadcrumb\"},\"inLanguage\":\"it-IT\",\"potentialAction\":[{\"@type\":\"ReadAction\",\"target\":[\"https:\/\/christiancolucciostilista.it\/shop\/termini-e-condizioni\/\"]}]},{\"@type\":\"BreadcrumbList\",\"@id\":\"https:\/\/christiancolucciostilista.it\/shop\/termini-e-condizioni\/#breadcrumb\",\"itemListElement\":[{\"@type\":\"ListItem\",\"position\":1,\"name\":\"Home\",\"item\":\"https:\/\/christiancolucciostilista.it\/shop\/\"},{\"@type\":\"ListItem\",\"position\":2,\"name\":\"Termini e condizioni\"}]},{\"@type\":\"WebSite\",\"@id\":\"https:\/\/christiancolucciostilista.it\/shop\/#website\",\"url\":\"https:\/\/christiancolucciostilista.it\/shop\/\",\"name\":\"Christian Coluccio \u2764\ufe0f Shop Online\",\"description\":\"Salone Parrucchieri a Lecco\",\"publisher\":{\"@id\":\"https:\/\/christiancolucciostilista.it\/shop\/#organization\"},\"potentialAction\":[{\"@type\":\"SearchAction\",\"target\":{\"@type\":\"EntryPoint\",\"urlTemplate\":\"https:\/\/christiancolucciostilista.it\/shop\/?s={search_term_string}\"},\"query-input\":\"required name=search_term_string\"}],\"inLanguage\":\"it-IT\"},{\"@type\":\"Organization\",\"@id\":\"https:\/\/christiancolucciostilista.it\/shop\/#organization\",\"name\":\"Christian Coluccio \u2764\ufe0f Shop Online\",\"url\":\"https:\/\/christiancolucciostilista.it\/shop\/\",\"logo\":{\"@type\":\"ImageObject\",\"inLanguage\":\"it-IT\",\"@id\":\"https:\/\/christiancolucciostilista.it\/shop\/#\/schema\/logo\/image\/\",\"url\":\"https:\/\/christiancolucciostilista.it\/shop\/wp-content\/uploads\/2021\/09\/logo.png\",\"contentUrl\":\"https:\/\/christiancolucciostilista.it\/shop\/wp-content\/uploads\/2021\/09\/logo.png\",\"width\":400,\"height\":99,\"caption\":\"Christian Coluccio \u2764\ufe0f Shop Online\"},\"image\":{\"@id\":\"https:\/\/christiancolucciostilista.it\/shop\/#\/schema\/logo\/image\/\"}}]}<\/script>\n<!-- \/ Yoast SEO plugin. -->","yoast_head_json":{"title":"Termini e condizioni - Christian Coluccio \u2764\ufe0f Shop Online","description":"E-commerce di Christian Coluccio \u2764\ufe0f Migliori PARRUCCHIERI Lecco Sito ufficiale","robots":{"index":"index","follow":"follow","max-snippet":"max-snippet:-1","max-image-preview":"max-image-preview:large","max-video-preview":"max-video-preview:-1"},"canonical":"https:\/\/christiancolucciostilista.it\/shop\/termini-e-condizioni\/","og_locale":"it_IT","og_type":"article","og_title":"Termini e condizioni - Christian Coluccio \u2764\ufe0f Shop Online","og_description":"E-commerce di Christian Coluccio \u2764\ufe0f Migliori PARRUCCHIERI Lecco Sito ufficiale","og_url":"https:\/\/christiancolucciostilista.it\/shop\/termini-e-condizioni\/","og_site_name":"Christian Coluccio \u2764\ufe0f Shop Online","article_modified_time":"2021-09-30T13:59:47+00:00","twitter_card":"summary_large_image","twitter_misc":{"Tempo di lettura stimato":"9 minuti"},"schema":{"@context":"https:\/\/schema.org","@graph":[{"@type":"WebPage","@id":"https:\/\/christiancolucciostilista.it\/shop\/termini-e-condizioni\/","url":"https:\/\/christiancolucciostilista.it\/shop\/termini-e-condizioni\/","name":"Termini e condizioni - Christian Coluccio \u2764\ufe0f Shop Online","isPartOf":{"@id":"https:\/\/christiancolucciostilista.it\/shop\/#website"},"datePublished":"2020-11-19T14:49:48+00:00","dateModified":"2021-09-30T13:59:47+00:00","description":"E-commerce di Christian Coluccio \u2764\ufe0f Migliori PARRUCCHIERI Lecco Sito ufficiale","breadcrumb":{"@id":"https:\/\/christiancolucciostilista.it\/shop\/termini-e-condizioni\/#breadcrumb"},"inLanguage":"it-IT","potentialAction":[{"@type":"ReadAction","target":["https:\/\/christiancolucciostilista.it\/shop\/termini-e-condizioni\/"]}]},{"@type":"BreadcrumbList","@id":"https:\/\/christiancolucciostilista.it\/shop\/termini-e-condizioni\/#breadcrumb","itemListElement":[{"@type":"ListItem","position":1,"name":"Home","item":"https:\/\/christiancolucciostilista.it\/shop\/"},{"@type":"ListItem","position":2,"name":"Termini e condizioni"}]},{"@type":"WebSite","@id":"https:\/\/christiancolucciostilista.it\/shop\/#website","url":"https:\/\/christiancolucciostilista.it\/shop\/","name":"Christian Coluccio \u2764\ufe0f Shop Online","description":"Salone Parrucchieri a Lecco","publisher":{"@id":"https:\/\/christiancolucciostilista.it\/shop\/#organization"},"potentialAction":[{"@type":"SearchAction","target":{"@type":"EntryPoint","urlTemplate":"https:\/\/christiancolucciostilista.it\/shop\/?s={search_term_string}"},"query-input":"required name=search_term_string"}],"inLanguage":"it-IT"},{"@type":"Organization","@id":"https:\/\/christiancolucciostilista.it\/shop\/#organization","name":"Christian Coluccio \u2764\ufe0f Shop Online","url":"https:\/\/christiancolucciostilista.it\/shop\/","logo":{"@type":"ImageObject","inLanguage":"it-IT","@id":"https:\/\/christiancolucciostilista.it\/shop\/#\/schema\/logo\/image\/","url":"https:\/\/christiancolucciostilista.it\/shop\/wp-content\/uploads\/2021\/09\/logo.png","contentUrl":"https:\/\/christiancolucciostilista.it\/shop\/wp-content\/uploads\/2021\/09\/logo.png","width":400,"height":99,"caption":"Christian Coluccio \u2764\ufe0f Shop Online"},"image":{"@id":"https:\/\/christiancolucciostilista.it\/shop\/#\/schema\/logo\/image\/"}}]}},"_links":{"self":[{"href":"https:\/\/christiancolucciostilista.it\/shop\/wp-json\/wp\/v2\/pages\/8100"}],"collection":[{"href":"https:\/\/christiancolucciostilista.it\/shop\/wp-json\/wp\/v2\/pages"}],"about":[{"href":"https:\/\/christiancolucciostilista.it\/shop\/wp-json\/wp\/v2\/types\/page"}],"author":[{"embeddable":true,"href":"https:\/\/christiancolucciostilista.it\/shop\/wp-json\/wp\/v2\/users\/1"}],"replies":[{"embeddable":true,"href":"https:\/\/christiancolucciostilista.it\/shop\/wp-json\/wp\/v2\/comments?post=8100"}],"version-history":[{"count":17,"href":"https:\/\/christiancolucciostilista.it\/shop\/wp-json\/wp\/v2\/pages\/8100\/revisions"}],"predecessor-version":[{"id":9379,"href":"https:\/\/christiancolucciostilista.it\/shop\/wp-json\/wp\/v2\/pages\/8100\/revisions\/9379"}],"wp:attachment":[{"href":"https:\/\/christiancolucciostilista.it\/shop\/wp-json\/wp\/v2\/media?parent=8100"}],"curies":[{"name":"wp","href":"https:\/\/api.w.org\/{rel}","templated":true}]}}